{"id":18,"date":"2021-08-31T07:20:08","date_gmt":"2021-08-31T05:20:08","guid":{"rendered":"https:\/\/secureit-conseil.fr\/?page_id=18"},"modified":"2022-05-09T08:38:18","modified_gmt":"2022-05-09T06:38:18","slug":"accueil","status":"publish","type":"page","link":"https:\/\/secureit-conseil.fr\/","title":{"rendered":"Bienvenue"},"content":{"rendered":"\n<p>Vous \u00eates en recherche d&rsquo;un<mark style=\"background-color:rgba(0, 0, 0, 0);color:#573093\" class=\"has-inline-color\"> <strong>partenaire de confiance<\/strong><\/mark>, pour vous accompagner dans la<strong> <mark style=\"background-color:rgba(0, 0, 0, 0)\" class=\"has-inline-color has-luminous-vivid-orange-color\">gestion de votre informatique<\/mark><\/strong> et dans vos <mark style=\"background-color:rgba(0, 0, 0, 0)\" class=\"has-inline-color has-luminous-vivid-orange-color\"><strong>projets<\/strong><\/mark>.<\/p>\n\n\n\n<p>Secure IT Conseil vous proposera une prestation sur mesure suite \u00e0 une analyse de vos besoins. <\/p>\n\n\n\n<p>Choisir un consultant informatique c&rsquo;est travailler avec un tiers qui fera pencher la balance de votre c\u00f4t\u00e9. C&rsquo;est aussi la garantie d&rsquo;une meilleure r\u00e9activit\u00e9 dans le suivi de votre IT.<\/p>\n\n\n\n<p>Vous souhaitez d\u00e9l\u00e9guer une partie ou la totalit\u00e9 de l&rsquo;<strong>administration de votre informatique<\/strong> et ne plus perdre du temps \u00e0 assurer la <strong>communication entre vos diff\u00e9rents prestataires<\/strong> (infrastructure, r\u00e9seau, t\u00e9l\u00e9com, logiciels).<\/p>\n\n\n\n<p>Vous voulez<strong> r\u00e9duire le co\u00fbt de vos projets<\/strong> informatiques et am\u00e9liorer votre retour sur investissement.<\/p>\n\n\n\n<p>Vous voulez des<strong> outils simples d&rsquo;utilisation<\/strong>, <strong>flexibles<\/strong> et surtout que <strong>\u00e7a marche !<\/strong><\/p>\n\n\n\n<p>Vous avez compris les enjeux actuels li\u00e9s \u00e0  la <strong>s\u00e9curisation de votre syst\u00e8me d&rsquo;information<\/strong> et vous souhaitez assurer la tranquillit\u00e9 et la protection de vos utilisateurs.<\/p>\n","protected":false},"excerpt":{"rendered":"<p>Vous \u00eates en recherche d&rsquo;un partenaire de confiance, pour vous accompagner dans la gestion de votre informatique et dans vos projets. Secure IT Conseil vous proposera une prestation sur mesure suite \u00e0 une analyse de vos besoins. Choisir un consultant informatique c&rsquo;est travailler avec un tiers qui fera pencher la balance de votre c\u00f4t\u00e9. C&rsquo;est &hellip; <\/p>\n<p class=\"link-more\"><a href=\"https:\/\/secureit-conseil.fr\/\" class=\"more-link\">Continuer la lecture<span class=\"screen-reader-text\"> de &laquo;&nbsp;Bienvenue&nbsp;&raquo;<\/span><\/a><\/p>\n","protected":false},"author":1,"featured_media":0,"parent":0,"menu_order":0,"comment_status":"closed","ping_status":"closed","template":"","meta":[],"_links":{"self":[{"href":"https:\/\/secureit-conseil.fr\/index.php?rest_route=\/wp\/v2\/pages\/18"}],"collection":[{"href":"https:\/\/secureit-conseil.fr\/index.php?rest_route=\/wp\/v2\/pages"}],"about":[{"href":"https:\/\/secureit-conseil.fr\/index.php?rest_route=\/wp\/v2\/types\/page"}],"author":[{"embeddable":true,"href":"https:\/\/secureit-conseil.fr\/index.php?rest_route=\/wp\/v2\/users\/1"}],"replies":[{"embeddable":true,"href":"https:\/\/secureit-conseil.fr\/index.php?rest_route=%2Fwp%2Fv2%2Fcomments&post=18"}],"version-history":[{"count":45,"href":"https:\/\/secureit-conseil.fr\/index.php?rest_route=\/wp\/v2\/pages\/18\/revisions"}],"predecessor-version":[{"id":265,"href":"https:\/\/secureit-conseil.fr\/index.php?rest_route=\/wp\/v2\/pages\/18\/revisions\/265"}],"wp:attachment":[{"href":"https:\/\/secureit-conseil.fr\/index.php?rest_route=%2Fwp%2Fv2%2Fmedia&parent=18"}],"curies":[{"name":"wp","href":"https:\/\/api.w.org\/{rel}","templated":true}]}}