{"id":179,"date":"2022-03-19T07:56:00","date_gmt":"2022-03-19T06:56:00","guid":{"rendered":"https:\/\/secureit-conseil.fr\/?page_id=179"},"modified":"2022-03-19T08:42:21","modified_gmt":"2022-03-19T07:42:21","slug":"contact-2","status":"publish","type":"page","link":"https:\/\/secureit-conseil.fr\/?page_id=179","title":{"rendered":"Contact"},"content":{"rendered":"\n<p>Pour plus d&rsquo;information, contactez moi directement au <strong>06 35 18 19 15 <\/strong> <\/p>\n\n\n\n<p>Par courriel en m&rsquo;\u00e9crivant \u00e0  <strong><a href=\"mailto:contact@secureit-conseil.fr\">contact@secureit-conseil.fr<\/a><\/strong><\/p>\n\n\n\n<p>Suivez moi aussi sur les r\u00e9seaux sociaux via <strong><a rel=\"noreferrer noopener\" href=\"https:\/\/www.linkedin.com\/in\/nicolas-sitbon-96b092133\/\" data-type=\"URL\" data-id=\"https:\/\/www.linkedin.com\/in\/nicolas-sitbon-96b092133\/\" target=\"_blank\">LinkedIn<\/a><\/strong><\/p>\n","protected":false},"excerpt":{"rendered":"<p>Pour plus d&rsquo;information, contactez moi directement au 06 35 18 19 15 Par courriel en m&rsquo;\u00e9crivant \u00e0 contact@secureit-conseil.fr Suivez moi aussi sur les r\u00e9seaux sociaux via LinkedIn<\/p>\n","protected":false},"author":1,"featured_media":54,"parent":0,"menu_order":0,"comment_status":"closed","ping_status":"closed","template":"","meta":[],"_links":{"self":[{"href":"https:\/\/secureit-conseil.fr\/index.php?rest_route=\/wp\/v2\/pages\/179"}],"collection":[{"href":"https:\/\/secureit-conseil.fr\/index.php?rest_route=\/wp\/v2\/pages"}],"about":[{"href":"https:\/\/secureit-conseil.fr\/index.php?rest_route=\/wp\/v2\/types\/page"}],"author":[{"embeddable":true,"href":"https:\/\/secureit-conseil.fr\/index.php?rest_route=\/wp\/v2\/users\/1"}],"replies":[{"embeddable":true,"href":"https:\/\/secureit-conseil.fr\/index.php?rest_route=%2Fwp%2Fv2%2Fcomments&post=179"}],"version-history":[{"count":6,"href":"https:\/\/secureit-conseil.fr\/index.php?rest_route=\/wp\/v2\/pages\/179\/revisions"}],"predecessor-version":[{"id":189,"href":"https:\/\/secureit-conseil.fr\/index.php?rest_route=\/wp\/v2\/pages\/179\/revisions\/189"}],"wp:featuredmedia":[{"embeddable":true,"href":"https:\/\/secureit-conseil.fr\/index.php?rest_route=\/wp\/v2\/media\/54"}],"wp:attachment":[{"href":"https:\/\/secureit-conseil.fr\/index.php?rest_route=%2Fwp%2Fv2%2Fmedia&parent=179"}],"curies":[{"name":"wp","href":"https:\/\/api.w.org\/{rel}","templated":true}]}}